{"id":5,"date":"2013-03-14T15:15:36","date_gmt":"2013-03-14T13:15:36","guid":{"rendered":"http:\/\/www.ariplikat.de\/cartoons\/?page_id=5"},"modified":"2017-03-17T14:20:30","modified_gmt":"2017-03-17T12:20:30","slug":"interessante-links","status":"publish","type":"page","link":"https:\/\/www.ariplikat.de\/cartoons\/interessante-links\/","title":{"rendered":"Links"},"content":{"rendered":"<p>Hier wird gezeichnet:<\/p>\n<p><a title=\"Charlotte Wagner\" href=\"http:\/\/wagner-illustration.de\" target=\"_blank\"> Charlotte Wagner<\/a><\/p>\n<p><a href=\"http:\/\/www.allemeinekekse.de\/\" target=\"_blank\">Alle meine Kekse<\/a><\/p>\n<p>Andr\u00e9 <a title=\"POLO\" href=\"http:\/\/www.polo-cartoon.de\" target=\"_blank\">POLO<\/a> Poloczek<\/p>\n<p><a title=\"Peter Butschkow\" href=\"http:\/\/www.butschkow.de\" target=\"_blank\"> Peter Butschkow<\/a><\/p>\n<p><a title=\"G\u00fcnter R\u00fcckert\" href=\"http:\/\/www.guenter-rueckert.de\" target=\"_blank\"> G\u00fcnter R\u00fcckert<\/a><\/p>\n<p><a title=\"Thomas Pietrzyk\" href=\"http:\/\/www.pepp-design.de\" target=\"_blank\">Thomas Pietrzyk<\/a><\/p>\n<p><a title=\"Holga Rosen\" href=\"http:\/\/www.holgarosen.de\" target=\"_blank\">Holga Rosen<\/a><\/p>\n<p><a title=\"Reinhard Alff\" href=\"http:\/\/www.alffcartoon.de\" target=\"_blank\">Reinhard Alff<\/a><\/p>\n<p><a title=\"Horst-Gert Johansson\" href=\"http:\/\/www.johanssonarts.de\/index.html\" target=\"_blank\">Horst-Gert Johansson<\/a><\/p>\n<p><a title=\"Commandante Bernsteins Erbe\" href=\"http:\/\/25malrendsburg.de\" target=\"_blank\">25malrendsburg.de<\/a><\/p>\n<p><a title=\"Mele Brink\" href=\"http:\/\/www.melebrink.de\" target=\"_blank\">Mele Brink<\/a><\/p>\n<p><a title=\"Peter Kruse\" href=\"http:\/\/www.krusecartoon.de\" target=\"_blank\">Peter Kruse<\/a><\/p>\n<p><a title=\"Christiane Pfohlmann\" href=\"http:\/\/www.pfohlmann.de\" target=\"_blank\">Christiane Pfohlmann<\/a><\/p>\n<p><a href=\"http:\/\/www.schnabulak24.de\" target=\"_blank\">Denis Metz<\/a><\/p>\n<p>Au\u00dferdem:<\/p>\n<p><a title=\"Cartoon AG\" href=\"http:\/\/www.cartoonag.de\" target=\"_blank\">Cartoon AG<\/a>-Cartoons direkt vom Erzeuger<\/p>\n<p><a title=\"Illustratoren Organisation\" href=\"http:\/\/www.io-home.org\/portfolios\/p\/bilder?k_User=787\" target=\"_blank\">IO<\/a> Illustratoren Organisation<\/p>\n<p><a title=\"ICOM\" href=\"http:\/\/www.comic-i.com\/aaa-icom\/docs\/index.html\" target=\"_blank\"> ICOM<\/a><\/p>\n<p><a title=\"Cartoon Journal\" href=\"http:\/\/www.cartoon-journal.de\" target=\"_blank\">Cartoon Journal<\/a><\/p>\n<p><a title=\"sammelnsammeln\" href=\"http:\/\/www.sammelnsammeln.de\" target=\"_blank\">sammelnsammeln<\/a><\/p>\n<p><a title=\"Caricatura\" href=\"http:\/\/www.caricatura.de\/home.html\" target=\"_blank\">Caricatura<\/a><\/p>\n<p><a title=\"Bernd Gieseking\" href=\"http:\/\/www.bernd-gieseking.de\" target=\"_blank\">Bernd Gieseking<\/a><\/p>\n<p><a title=\"Lappan\" href=\"http:\/\/www.lappan.de\" target=\"_blank\">Lappan<\/a> Verlag<\/p>\n<p><a title=\"Carlsen\" href=\"http:\/\/www.carlsen.de\" target=\"_blank\"> Carlsen<\/a> Verlag<\/p>\n<p><a title=\"Pastor Pixel\" href=\"http:\/\/www.pastorpixel.de\" target=\"_blank\">Pastor Pixel<\/a> Webdesign<\/p>\n<p><a title=\"Gasthaus Hahn\" href=\"http:\/\/www.gasthaus-hahn.de\" target=\"_blank\">Gasthaus Hahn<\/a> in <a title=\"Ottenstein\" href=\"http:\/\/de.wikipedia.org\/wiki\/Ottenstein_(Niedersachsen)\" target=\"_blank\">Ottenstein<\/a><\/p>\n<p><a title=\"Titanic\" href=\"http:\/\/www.titanic-magazin.de\" target=\"_blank\">Titanic<\/a><\/p>\n<p><a title=\"Eulenspiegel\" href=\"http:\/\/www.eulenspiegel-zeitschrift.de\" target=\"_blank\">Eulenspiegel<\/a><\/p>\n<p><a title=\"ZellerZeitung\" href=\"http:\/\/www.zellerzeitung.de\" target=\"_blank\">ZellerZeitung<\/a><\/p>\n<p><a title=\"Gerne wieder!\" href=\"http:\/\/www.lesung-mit-wasserglas.de\" target=\"_blank\">Gerne wieder! Lesung mit Wasserglas<\/a><\/p>\n<p><a title=\"Beaujean Design\" href=\"http:\/\/www.beaujean-design.de\" target=\"_blank\">Beaujean Design<\/a><\/p>\n<p><a title=\"Im Banne der Sensoren\" href=\"http:\/\/www.im-banne-der-sensoren.de\" target=\"_blank\">Im Banne der Sensoren<\/a><\/p>\n<p><a title=\"sammelnsammeln\" href=\"http:\/\/www.sammelnsammeln.de\/\" target=\"_blank\">sammelnsammeln<\/a><\/p>\n","protected":false},"excerpt":{"rendered":"<p>Hier wird gezeichnet: Charlotte Wagner Alle meine Kekse Andr\u00e9 POLO Poloczek Peter Butschkow G\u00fcnter R\u00fcckert Thomas Pietrzyk Holga Rosen Reinhard Alff Horst-Gert Johansson 25malrendsburg.de Mele Brink Peter Kruse Christiane Pfohlmann Denis Metz Au\u00dferdem: Cartoon AG-Cartoons direkt vom Erzeuger IO Illustratoren Organisation ICOM Cartoon Journal sammelnsammeln Caricatura Bernd Gieseking Lappan Verlag Carlsen Verlag Pastor Pixel Webdesign [&hellip;]<\/p>\n","protected":false},"author":1,"featured_media":0,"parent":0,"menu_order":1,"comment_status":"open","ping_status":"open","template":"","meta":{"footnotes":""},"_links":{"self":[{"href":"https:\/\/www.ariplikat.de\/cartoons\/wp-json\/wp\/v2\/pages\/5"}],"collection":[{"href":"https:\/\/www.ariplikat.de\/cartoons\/wp-json\/wp\/v2\/pages"}],"about":[{"href":"https:\/\/www.ariplikat.de\/cartoons\/wp-json\/wp\/v2\/types\/page"}],"author":[{"embeddable":true,"href":"https:\/\/www.ariplikat.de\/cartoons\/wp-json\/wp\/v2\/users\/1"}],"replies":[{"embeddable":true,"href":"https:\/\/www.ariplikat.de\/cartoons\/wp-json\/wp\/v2\/comments?post=5"}],"version-history":[{"count":28,"href":"https:\/\/www.ariplikat.de\/cartoons\/wp-json\/wp\/v2\/pages\/5\/revisions"}],"predecessor-version":[{"id":2644,"href":"https:\/\/www.ariplikat.de\/cartoons\/wp-json\/wp\/v2\/pages\/5\/revisions\/2644"}],"wp:attachment":[{"href":"https:\/\/www.ariplikat.de\/cartoons\/wp-json\/wp\/v2\/media?parent=5"}],"curies":[{"name":"wp","href":"https:\/\/api.w.org\/{rel}","templated":true}]}}