{"id":413,"date":"2013-03-20T23:57:02","date_gmt":"2013-03-20T21:57:02","guid":{"rendered":"http:\/\/www.ariplikat.de\/illustration\/?page_id=413"},"modified":"2021-10-19T13:49:42","modified_gmt":"2021-10-19T11:49:42","slug":"bio","status":"publish","type":"page","link":"https:\/\/www.ariplikat.de\/illustration\/bio\/","title":{"rendered":"Bio"},"content":{"rendered":"<p style=\"text-align: left;\"><a href=\"http:\/\/www.ariplikat.de\/illustration\/wp-content\/uploads\/2013\/03\/self2.jpg\"><img loading=\"lazy\" decoding=\"async\" class=\" wp-image-414 alignleft\" src=\"http:\/\/www.ariplikat.de\/illustration\/wp-content\/uploads\/2013\/03\/self2-160x298.jpg\" alt=\"selbst\" width=\"144\" height=\"268\" srcset=\"https:\/\/www.ariplikat.de\/illustration\/wp-content\/uploads\/2013\/03\/self2-160x298.jpg 160w, https:\/\/www.ariplikat.de\/illustration\/wp-content\/uploads\/2013\/03\/self2-500x933.jpg 500w, https:\/\/www.ariplikat.de\/illustration\/wp-content\/uploads\/2013\/03\/self2.jpg 509w\" sizes=\"(max-width: 144px) 100vw, 144px\" \/><\/a><\/p>\n<p><strong>Ari Plikat<\/strong><\/p>\n<p style=\"text-align: left;\">Jahrgang 1958, geboren in L\u00fcdenscheid . Ausbildung zum Grafiker in Hagen, Studium Visuelle Kommunikation in Leeds und Dortmund, wo seitdem freiberuflich Illustrationen, Cartoons und komische Bilder und Drucke entstehen.<\/p>\n<p style=\"text-align: left;\"><strong>Cartoons<\/strong> erscheinen z.B. in Titanic,taz, Stern, Eulenspiegel, Zitty,Pardon,Italien, Berliner Tagesspiegel,FAZ,H\u00e4uptling Eigener Herd, Raben-Kalender, Spiegel Online&#8230;<\/p>\n<p style=\"text-align: left;\"><strong>Auszeichnungen:<\/strong> Art Directors Club Deutschland Gold 1987, Clio Award USA 1988, \u00c4ON-Preis f\u00fcr Kreativit\u00e4t 1998, 2. Platz Deutscher Karikaturpreis Dresden 2006, Zilveren Hoet Cartoonfestival Knokke 2007, 2. Platz R\u00fcckblende 2009, Die silberne Kuh Langnau 2010, Sondermann f\u00fcr komische Kunst 2010,\u00a01. Preis Kategorie Freundschaft &amp; Partnerschaft im Karikaturenwettbewerb zum Alter: \u201eSchluss mit lustig\u201c \u00a0des Bundesministeriums f\u00fcr Familie, Senioren, Frauen und Jugend 2015.<\/p>\n<p style=\"text-align: left;\"><strong>B\u00fccher:<\/strong> Ich bin ich, ich auch, 1990, Lappan Kaufen Sie dieses Buch, 1990, Lappan, Sehr Witzig!, 1992, Lappan, Die Post geht an die B\u00f6rse (Ari Plikat und <a title=\"POLO\" href=\"http:\/\/www.polo-cartoon.de\" target=\"_blank\" rel=\"noopener noreferrer\">POLO<\/a>),1997, Lappan, Echt K\u00e4fer (Ari Plikat und <a title=\"POLO\" href=\"http:\/\/www.polo-cartoon.de\" target=\"_blank\" rel=\"noopener noreferrer\">POLO<\/a>), 1998, Lappan, Sex mit Ari Plikat, 2000, Edition Hupe, So sehe ich aus, wenn ich schlafe\u2026, 2004, Lappan, Jetzt kommt das Beste, 2008, Carlsen, Das gro\u00dfe Grusel-Monster-R\u00e4tselbuch von <strong>Lotte&amp;Ari<\/strong> (mit <a title=\"Charlotte Wagner\" href=\"http:\/\/wagner-illustration.de\" target=\"_blank\" rel=\"noopener noreferrer\">Charlotte Wagner<\/a>),2011, Arena, \u00a0 Ich rieche Angstschweiss, 2013, Lappan, Das ist mein Hip Hop, Lappan 2017<\/p>\n<p style=\"text-align: left;\"><strong>Kunden:<\/strong> Lappan, Moses, Oetinger, Carlsen, Arena, Eulenspiegel Verlag, FAZ, Medizin Individuell, TSG, Finanztest, Prinz,Zitty, ARD, Haffmans, Geo&#8230;u.a.<\/p>\n<h1><\/h1>\n<p class=\"p2\"><strong>Austellungen<\/strong> (Auswahl)<\/p>\n<p class=\"p2\">Kunstger\u00e4teturnen, zusammen mit F.W. Bernstein und G\u00fcnter R\u00fcckert, 2003<\/p>\n<p class=\"p2\">Fatima! Wo steckst du wieder?, Caricatura Galerie Kassel, 2009<\/p>\n<p class=\"p2\">Claustrophobia, Galerie der komischen K\u00fcnste, Museumsquartier Wien, 2013<\/p>\n<p class=\"p2\">Lichtenberg reloadet!, Wilhelm-Busch-Museum Hannover, 2015<\/p>\n<p class=\"p2\">Ari Plikat in der St\u00e4dtischen Galerie im Rathaus Nettetal, 2015<\/p>\n<p class=\"p2\">Schr\u00e4ge V\u00f6gel, Kunsthaus Frankenthal, 2016<\/p>\n<p class=\"p2\">Ari Plikat, Caricatura Museum Frankfurt, 2017<\/p>\n<p class=\"p2\">Systemfehler, Caricatura Galerie Kassel, 2017<\/p>\n<p class=\"p2\">Kunst in Cartoons, Galerie der komischen K\u00fcnste, Museumsquartier Wien, 2018<\/p>\n<p class=\"p2\">Kunst macht R\u00fccken, Ari Plikat in der Galerie Dieter Fischer im Depot Dortmund, 2018<\/p>\n<p class=\"p2\">Deutschland dreht durch, Caricatura Galerie Kassel, 2019<\/p>\n<p class=\"p2\">Beste Beste Bilder, Caricatura Museum Frankfurt, 2020<\/p>\n<p class=\"p2\">Havenrundfahrt mit Lotte&amp;Ari, Havengalerie, Bremen, 2020<\/p>\n<p class=\"p2\">Budenzauber mit Lotte&amp;Ari, Kunstbonbon, Dortmund, 2020<\/p>\n<p class=\"p2\">Passwort 4, Kunsttempel Kassel, 2020<\/p>\n<p class=\"p2\">M\u00f6wen.M\u00fcll.Und Meerjungfrauen, Friesenmuseum F\u00f6hr, 2021<\/p>\n<p class=\"p2\">Deutscher Karikaturenpreis, Schloss Agathenburg Hamburg, 2021<\/p>\n<p>Trio mit vier Stiften, zusammen mit Lotte Wagner und Samy Challah, Kunstwerden Essen, 2021<\/p>\n<p class=\"p2\">T\u00e4tigkeit als Kurator von Ausstellungen im Bereich der komischen Kunst.<\/p>\n<p class=\"p2\">Workshopleitung der Sommerakademie f\u00fcr komischeKunst 2014 in der Caricatura Galerie Kassel<\/p>\n","protected":false},"excerpt":{"rendered":"<p>Ari Plikat Jahrgang 1958, geboren in L\u00fcdenscheid . Ausbildung zum Grafiker in Hagen, Studium Visuelle Kommunikation in Leeds und Dortmund, wo seitdem freiberuflich Illustrationen, Cartoons und komische Bilder und Drucke entstehen. Cartoons erscheinen z.B. in Titanic,taz, Stern, Eulenspiegel, Zitty,Pardon,Italien, Berliner Tagesspiegel,FAZ,H\u00e4uptling Eigener Herd, Raben-Kalender, Spiegel Online&#8230; Auszeichnungen: Art Directors Club Deutschland Gold 1987, Clio Award [&hellip;]<\/p>\n","protected":false},"author":2,"featured_media":414,"parent":0,"menu_order":1,"comment_status":"open","ping_status":"open","template":"","meta":{"footnotes":""},"_links":{"self":[{"href":"https:\/\/www.ariplikat.de\/illustration\/wp-json\/wp\/v2\/pages\/413"}],"collection":[{"href":"https:\/\/www.ariplikat.de\/illustration\/wp-json\/wp\/v2\/pages"}],"about":[{"href":"https:\/\/www.ariplikat.de\/illustration\/wp-json\/wp\/v2\/types\/page"}],"author":[{"embeddable":true,"href":"https:\/\/www.ariplikat.de\/illustration\/wp-json\/wp\/v2\/users\/2"}],"replies":[{"embeddable":true,"href":"https:\/\/www.ariplikat.de\/illustration\/wp-json\/wp\/v2\/comments?post=413"}],"version-history":[{"count":26,"href":"https:\/\/www.ariplikat.de\/illustration\/wp-json\/wp\/v2\/pages\/413\/revisions"}],"predecessor-version":[{"id":1689,"href":"https:\/\/www.ariplikat.de\/illustration\/wp-json\/wp\/v2\/pages\/413\/revisions\/1689"}],"wp:featuredmedia":[{"embeddable":true,"href":"https:\/\/www.ariplikat.de\/illustration\/wp-json\/wp\/v2\/media\/414"}],"wp:attachment":[{"href":"https:\/\/www.ariplikat.de\/illustration\/wp-json\/wp\/v2\/media?parent=413"}],"curies":[{"name":"wp","href":"https:\/\/api.w.org\/{rel}","templated":true}]}}