{"id":5,"date":"2013-03-14T17:02:25","date_gmt":"2013-03-14T15:02:25","guid":{"rendered":"http:\/\/www.ariplikat.de\/illustration\/?page_id=5"},"modified":"2015-08-20T18:08:10","modified_gmt":"2015-08-20T16:08:10","slug":"interessante-links","status":"publish","type":"page","link":"https:\/\/www.ariplikat.de\/illustration\/interessante-links\/","title":{"rendered":"Links"},"content":{"rendered":"<p style=\"text-align: left;\">Hier wird gezeichnet:<\/p>\n<p style=\"text-align: left;\"><a title=\"Carlotte Wagner\" href=\"http:\/\/www.wagner-illustration.de\" target=\"_blank\">Charlotte Wagner<\/a><\/p>\n<p style=\"text-align: left;\"><a href=\"http:\/\/www.allemeinekekse.de\/\" target=\"_blank\">Alle meine Kekse<\/a><\/p>\n<p style=\"text-align: left;\"><a title=\"POLO\" href=\"http:\/\/www.polo-cartoon.de\" target=\"_blank\">Andr\u00e9 POLO Poloczek<\/a><\/p>\n<p style=\"text-align: left;\"><a title=\"Peter Butschkow\" href=\"http:\/\/www.butschkow.de\" target=\"_blank\">Peter Butschkow<\/a><\/p>\n<p style=\"text-align: left;\"><a title=\"G\u00fcnter R\u00fcckert\" href=\"http:\/\/www.guenter-rueckert.de\" target=\"_blank\">G\u00fcnter R\u00fcckert<\/a><\/p>\n<p style=\"text-align: left;\"><a title=\"Horst-Gert Johansson\" href=\"http:\/\/www.johanssonarts.de\/index.html\" target=\"_blank\">Horst-Gert Johansson<\/a><\/p>\n<p style=\"text-align: left;\"><a title=\"Holga Rosen\" href=\"http:\/\/www.holgarosen.de\" target=\"_blank\">Holga Rosen<\/a><\/p>\n<p style=\"text-align: left;\"><a title=\"Reinhard Alff\" href=\"http:\/\/www.alffcartoon.de\" target=\"_blank\">Reinhard Alff<\/a><\/p>\n<p style=\"text-align: left;\"><a title=\"Commandante Bernsteins Erbe\" href=\"http:\/\/25malrendsburg.de\" target=\"_blank\">25malrendsburg<\/a><\/p>\n<p style=\"text-align: left;\"><a title=\"Mele Brink\" href=\"http:\/\/www.melebrink.de\" target=\"_blank\">Mele Brink<\/a><\/p>\n<p>&nbsp;<\/p>\n<p style=\"text-align: left;\">Au\u00dferdem:<\/p>\n<p style=\"text-align: left;\"><a title=\"Illustratoren Organisation\" href=\"http:\/\/www.io-home.org\/portfolios\/p\/bilder?k_User=787\" target=\"_blank\">IO Illustratoren Organisation<\/a><\/p>\n<p style=\"text-align: left;\"><a title=\"ICOM\" href=\"http:\/\/www.comic-i.com\/aaa-icom\/docs\/index.html\" target=\"_blank\">ICOM<\/a><\/p>\n<p style=\"text-align: left;\"><a title=\"Cartoon Journal\" href=\"http:\/\/www.cartoon-journal.de\" target=\"_blank\">Cartoon Journal<\/a><\/p>\n<p style=\"text-align: left;\"><a title=\"sammelnsammeln\" href=\"http:\/\/www.sammelnsammeln.de\" target=\"_blank\">sammelnsammeln<\/a><\/p>\n<p style=\"text-align: left;\"><a title=\"Lappan\" href=\"http:\/\/www.lappan.de\" target=\"_blank\">Lappan<\/a> Verlag<\/p>\n<p style=\"text-align: left;\"><a title=\"Carlsen\" href=\"http:\/\/www.carlsen.de\/\" target=\"_blank\">Carlsen<\/a> Verlag<\/p>\n<p style=\"text-align: left;\"><a title=\"Pstor Pixel\" href=\"http:\/\/www.pastorpixel.de\" target=\"_blank\">Pastor Pixel<\/a>\u00a0 Webdesign<\/p>\n<p style=\"text-align: left;\"><a title=\"Gerne wieder!\" href=\"http:\/\/www.lesung-mit-wasserglas.de\" target=\"_blank\">Gerne wieder! Lesung mit Wasserglas<\/a><\/p>\n<p style=\"text-align: left;\"><a title=\"Beaujean Design\" href=\"http:\/\/www.beaujean-design.de\" target=\"_blank\">Beaujean Design<\/a><\/p>\n<p style=\"text-align: left;\"><a title=\"Im Banne der Sensoren\" href=\"http:\/\/www.im-banne-der-sensoren.de\" target=\"_blank\">Im Banne der Sensoren<\/a><\/p>\n","protected":false},"excerpt":{"rendered":"<p>Hier wird gezeichnet: Charlotte Wagner Alle meine Kekse Andr\u00e9 POLO Poloczek Peter Butschkow G\u00fcnter R\u00fcckert Horst-Gert Johansson Holga Rosen Reinhard Alff 25malrendsburg Mele Brink &nbsp; Au\u00dferdem: IO Illustratoren Organisation ICOM Cartoon Journal sammelnsammeln Lappan Verlag Carlsen Verlag Pastor Pixel\u00a0 Webdesign Gerne wieder! Lesung mit Wasserglas Beaujean Design Im Banne der Sensoren<\/p>\n","protected":false},"author":1,"featured_media":0,"parent":0,"menu_order":1,"comment_status":"open","ping_status":"open","template":"","meta":{"footnotes":""},"_links":{"self":[{"href":"https:\/\/www.ariplikat.de\/illustration\/wp-json\/wp\/v2\/pages\/5"}],"collection":[{"href":"https:\/\/www.ariplikat.de\/illustration\/wp-json\/wp\/v2\/pages"}],"about":[{"href":"https:\/\/www.ariplikat.de\/illustration\/wp-json\/wp\/v2\/types\/page"}],"author":[{"embeddable":true,"href":"https:\/\/www.ariplikat.de\/illustration\/wp-json\/wp\/v2\/users\/1"}],"replies":[{"embeddable":true,"href":"https:\/\/www.ariplikat.de\/illustration\/wp-json\/wp\/v2\/comments?post=5"}],"version-history":[{"count":21,"href":"https:\/\/www.ariplikat.de\/illustration\/wp-json\/wp\/v2\/pages\/5\/revisions"}],"predecessor-version":[{"id":1242,"href":"https:\/\/www.ariplikat.de\/illustration\/wp-json\/wp\/v2\/pages\/5\/revisions\/1242"}],"wp:attachment":[{"href":"https:\/\/www.ariplikat.de\/illustration\/wp-json\/wp\/v2\/media?parent=5"}],"curies":[{"name":"wp","href":"https:\/\/api.w.org\/{rel}","templated":true}]}}